{"id":44,"date":"2023-08-27T23:21:16","date_gmt":"2023-08-27T23:21:16","guid":{"rendered":"https:\/\/mydance.pt\/?page_id=44"},"modified":"2025-09-08T18:16:27","modified_gmt":"2025-09-08T18:16:27","slug":"contatctos","status":"publish","type":"page","link":"https:\/\/mydance.pt\/?page_id=44","title":{"rendered":"CONTACTOS"},"content":{"rendered":"<p>[vc_row enable_arrows_animation=&#8221;no&#8221; css=&#8221;.vc_custom_1693356138218{margin-top: 140px !important;border-top-width: 20px !important;padding-top: 20px !important;}&#8221;][vc_column width=&#8221;1\/2&#8243;][vc_column_text]<\/p>\n<h4><a href=\"https:\/\/forms.gle\/EqRoKoDKMn8X4uL9A\">INSCRI\u00c7\u00c2O CRIAN\u00c7AS<\/a><\/h4>\n<h4><a href=\"https:\/\/forms.gle\/oQkYBdKUyw2byBgdA\">INSCRI\u00c7\u00c3O ADULTOS<\/a><\/h4>\n<h4>Praceta da Coopermaia, 115, 4470-025 Maia<\/h4>\n<h4>+351 919 219 992<\/h4>\n<h4>geral@mydance.pt<\/h4>\n<p>[\/vc_column_text][\/vc_column][vc_column width=&#8221;1\/2&#8243;][vc_gmaps link=&#8221;#E-8_JTNDaWZyYW1lJTIwc3JjJTNEJTIyaHR0cHMlM0ElMkYlMkZ3d3cuZ29vZ2xlLmNvbSUyRm1hcHMlMkZlbWJlZCUzRnBiJTNEJTIxMW0xOCUyMTFtMTIlMjExbTMlMjExZDMwMDAuOTE0NDk1MzQwODYyMiUyMTJkLTguNjE2MDI4NjIzNzI4OTg3JTIxM2Q0MS4yMjM2MzM3NzEzMjEwNTUlMjEybTMlMjExZjAlMjEyZjAlMjEzZjAlMjEzbTIlMjExaTEwMjQlMjEyaTc2OCUyMTRmMTMuMSUyMTNtMyUyMTFtMiUyMTFzMHhkMjQ2NzIyYzk0N2Q3MjUlMjUzQTB4MTAxNWFiY2FiNWNhMzkwMyUyMTJzTXlEYW5jZSUyNTIwYnklMjUyMEFubmElMjUyMEdhbHlzaGV2YSUyMTVlMCUyMTNtMiUyMTFzcnUlMjEyc3B0JTIxNHYxNjkzNDM0MTQ0NTg4JTIxNW0yJTIxMXNydSUyMTJzcHQlMjIlMjB3aWR0aCUzRCUyMjYwMCUyMiUyMGhlaWdodCUzRCUyMjQ1MCUyMiUyMHN0eWxlJTNEJTIyYm9yZGVyJTNBMCUzQiUyMiUyMGFsbG93ZnVsbHNjcmVlbiUzRCUyMiUyMiUyMGxvYWRpbmclM0QlMjJsYXp5JTIyJTIwcmVmZXJyZXJwb2xpY3klM0QlMjJuby1yZWZlcnJlci13aGVuLWRvd25ncmFkZSUyMiUzRSUzQyUyRmlmcmFtZSUzRQ==&#8221;][\/vc_column][\/vc_row][vc_row enable_arrows_animation=&#8221;no&#8221;][vc_column][vc_empty_space css=&#8221;.vc_custom_1693434453146{margin-bottom: 20px !important;}&#8221;][\/vc_column][\/vc_row]<\/p>\n","protected":false},"excerpt":{"rendered":"<p>[vc_row enable_arrows_animation=&#8221;no&#8221; css=&#8221;.vc_custom_1693356138218{margin-top: 140px !important;border-top-width: 20px !important;padding-top: 20px !important;}&#8221;][vc_column width=&#8221;1\/2&#8243;][vc_column_text] INSCRI\u00c7\u00c2O CRIAN\u00c7AS INSCRI\u00c7\u00c3O ADULTOS Praceta da Coopermaia, 115, 4470-025 Maia +351 919 219 992 geral@mydance.pt [\/vc_column_text][\/vc_column][vc_column width=&#8221;1\/2&#8243;][vc_gmaps link=&#8221;#E-8_JTNDaWZyYW1lJTIwc3JjJTNEJTIyaHR0cHMlM0ElMkYlMkZ3d3cuZ29vZ2xlLmNvbSUyRm1hcHMlMkZlbWJlZCUzRnBiJTNEJTIxMW0xOCUyMTFtMTIlMjExbTMlMjExZDMwMDAuOTE0NDk1MzQwODYyMiUyMTJkLTguNjE2MDI4NjIzNzI4OTg3JTIxM2Q0MS4yMjM2MzM3NzEzMjEwNTUlMjEybTMlMjExZjAlMjEyZjAlMjEzZjAlMjEzbTIlMjExaTEwMjQlMjEyaTc2OCUyMTRmMTMuMSUyMTNtMyUyMTFtMiUyMTFzMHhkMjQ2NzIyYzk0N2Q3MjUlMjUzQTB4MTAxNWFiY2FiNWNhMzkwMyUyMTJzTXlEYW5jZSUyNTIwYnklMjUyMEFubmElMjUyMEdhbHlzaGV2YSUyMTVlMCUyMTNtMiUyMTFzcnUlMjEyc3B0JTIxNHYxNjkzNDM0MTQ0NTg4JTIxNW0yJTIxMXNydSUyMTJzcHQlMjIlMjB3aWR0aCUzRCUyMjYwMCUyMiUyMGhlaWdodCUzRCUyMjQ1MCUyMiUyMHN0eWxlJTNEJTIyYm9yZGVyJTNBMCUzQiUyMiUyMGFsbG93ZnVsbHNjcmVlbiUzRCUyMiUyMiUyMGxvYWRpbmclM0QlMjJsYXp5JTIyJTIwcmVmZXJyZXJwb2xpY3klM0QlMjJuby1yZWZlcnJlci13aGVuLWRvd25ncmFkZSUyMiUzRSUzQyUyRmlmcmFtZSUzRQ==&#8221;][\/vc_column][\/vc_row][vc_row enable_arrows_animation=&#8221;no&#8221;][vc_column][vc_empty_space css=&#8221;.vc_custom_1693434453146{margin-bottom: 20px !important;}&#8221;][\/vc_column][\/vc_row]<\/p>\n","protected":false},"author":1,"featured_media":0,"parent":0,"menu_order":5,"comment_status":"closed","ping_status":"closed","template":"","meta":{"_EventAllDay":false,"_EventTimezone":"","_EventStartDate":"","_EventEndDate":"","_EventStartDateUTC":"","_EventEndDateUTC":"","_EventShowMap":false,"_EventShowMapLink":false,"_EventURL":"","_EventCost":"","_EventCostDescription":"","_EventCurrencySymbol":"","_EventCurrencyCode":"","_EventCurrencyPosition":"","_EventDateTimeSeparator":"","_EventTimeRangeSeparator":"","_EventOrganizerID":[],"_EventVenueID":[],"_OrganizerEmail":"","_OrganizerPhone":"","_OrganizerWebsite":"","_VenueAddress":"","_VenueCity":"","_VenueCountry":"","_VenueProvince":"","_VenueState":"","_VenueZip":"","_VenuePhone":"","_VenueURL":"","_VenueStateProvince":"","_VenueLat":"","_VenueLng":"","_VenueShowMap":false,"_VenueShowMapLink":false,"footnotes":""},"class_list":["post-44","page","type-page","status-publish","hentry"],"_links":{"self":[{"href":"https:\/\/mydance.pt\/index.php?rest_route=\/wp\/v2\/pages\/44","targetHints":{"allow":["GET"]}}],"collection":[{"href":"https:\/\/mydance.pt\/index.php?rest_route=\/wp\/v2\/pages"}],"about":[{"href":"https:\/\/mydance.pt\/index.php?rest_route=\/wp\/v2\/types\/page"}],"author":[{"embeddable":true,"href":"https:\/\/mydance.pt\/index.php?rest_route=\/wp\/v2\/users\/1"}],"replies":[{"embeddable":true,"href":"https:\/\/mydance.pt\/index.php?rest_route=%2Fwp%2Fv2%2Fcomments&post=44"}],"version-history":[{"count":33,"href":"https:\/\/mydance.pt\/index.php?rest_route=\/wp\/v2\/pages\/44\/revisions"}],"predecessor-version":[{"id":2829,"href":"https:\/\/mydance.pt\/index.php?rest_route=\/wp\/v2\/pages\/44\/revisions\/2829"}],"wp:attachment":[{"href":"https:\/\/mydance.pt\/index.php?rest_route=%2Fwp%2Fv2%2Fmedia&parent=44"}],"curies":[{"name":"wp","href":"https:\/\/api.w.org\/{rel}","templated":true}]}}