{"id":2593,"date":"2023-08-30T23:52:06","date_gmt":"2023-08-30T23:52:06","guid":{"rendered":"https:\/\/mydance.pt\/?page_id=2593"},"modified":"2023-09-06T20:33:44","modified_gmt":"2023-09-06T20:33:44","slug":"noivos","status":"publish","type":"page","link":"https:\/\/mydance.pt\/?page_id=2593","title":{"rendered":"NOIVOS"},"content":{"rendered":"<p>[vc_row enable_arrows_animation=&#8221;no&#8221;][vc_column css=&#8221;.vc_custom_1693743262956{margin-top: 140px !important;margin-bottom: 100px !important;border-top-width: 20px !important;padding-top: 20px !important;}&#8221;]\n\t\t\t<!-- START Magazine Posts REVOLUTION SLIDER 6.6.15 --><p class=\"rs-p-wp-fix\"><\/p>\n\t\t\t<rs-module-wrap id=\"rev_slider_73_1_wrapper\" data-source=\"gallery\" style=\"visibility:hidden;background:transparent;padding:0;margin:0px auto;margin-top:0;margin-bottom:0;\">\n\t\t\t\t<rs-module id=\"rev_slider_73_1\" style=\"\" data-version=\"6.6.15\">\n\t\t\t\t\t<rs-slides style=\"overflow: hidden; position: absolute;\">\n\t\t\t\t\t\t<rs-slide style=\"position: absolute;\" data-key=\"rs-140\" data-title=\"Slide\" data-in=\"o:1;\" data-out=\"y:(-100%);\">\n\t\t\t\t\t\t\t<img decoding=\"async\" src=\"\/\/mydance.pt\/wp-content\/plugins\/revslider\/public\/assets\/assets\/dummy.png\" alt=\"Slide\" title=\"NOIVOS\" class=\"rev-slidebg tp-rs-img rs-lazyload\" data-lazyload=\"\/\/mydance.pt\/wp-content\/plugins\/revslider\/public\/assets\/assets\/transparent.png\" data-bg=\"c:#eeeeee;\" data-parallax=\"off\" data-no-retina>\n<!--\n\t\t\t\t\t\t\t--><rs-layer\n\t\t\t\t\t\t\t\tid=\"slider-73-slide-140-layer-1\" \n\t\t\t\t\t\t\t\tclass=\"rs-pxl-10\"\n\t\t\t\t\t\t\t\tdata-type=\"image\"\n\t\t\t\t\t\t\t\tdata-rsp_ch=\"on\"\n\t\t\t\t\t\t\t\tdata-xy=\"x:c;xo:-308px,-230px,-230px,0;y:m;\"\n\t\t\t\t\t\t\t\tdata-text=\"l:22;\"\n\t\t\t\t\t\t\t\tdata-dim=\"w:667px,461px,461px,538px;h:1000px,600px,600px,700px;\"\n\t\t\t\t\t\t\t\tdata-frame_0=\"y:top;o:1;\"\n\t\t\t\t\t\t\t\tdata-frame_1=\"e:power4.out;st:500;sp:1500;\"\n\t\t\t\t\t\t\t\tdata-frame_999=\"y:bottom;o:0;st:w;sp:1000;\"\n\t\t\t\t\t\t\t\tstyle=\"z-index:6;\"\n\t\t\t\t\t\t\t><img decoding=\"async\" src=\"\/\/mydance.pt\/wp-content\/plugins\/revslider\/public\/assets\/assets\/dummy.png\" alt=\"\" class=\"tp-rs-img rs-lazyload\" width=\"667\" height=\"1000\" data-lazyload=\"\/\/mydance.pt\/wp-content\/uploads\/2023\/08\/bride-groom-their-wedding-ceremony-2.jpg\" data-no-retina> \n\t\t\t\t\t\t\t<\/rs-layer><!--\n\n\t\t\t\t\t\t\t--><rs-layer\n\t\t\t\t\t\t\t\tid=\"slider-73-slide-140-layer-2\" \n\t\t\t\t\t\t\t\tclass=\"tp-shape tp-shapewrapper rs-pxl-12\"\n\t\t\t\t\t\t\t\tdata-type=\"shape\"\n\t\t\t\t\t\t\t\tdata-rsp_ch=\"on\"\n\t\t\t\t\t\t\t\tdata-xy=\"x:c;xo:307px,231px,231px,0;y:m;\"\n\t\t\t\t\t\t\t\tdata-dim=\"w:615px,461px,461px,420px;h:800px,600px,600px,650px;\"\n\t\t\t\t\t\t\t\tdata-frame_0=\"y:bottom;o:1;\"\n\t\t\t\t\t\t\t\tdata-frame_1=\"e:power4.out;st:500;sp:1500;\"\n\t\t\t\t\t\t\t\tdata-frame_999=\"y:top;o:0;st:w;sp:1000;\"\n\t\t\t\t\t\t\t\tstyle=\"z-index:9;background-color:rgba(255,255,255,1);\"\n\t\t\t\t\t\t\t> \n\t\t\t\t\t\t\t<\/rs-layer><!--\n\n\t\t\t\t\t\t\t--><rs-layer\n\t\t\t\t\t\t\t\tid=\"slider-73-slide-140-layer-3\" \n\t\t\t\t\t\t\t\tclass=\"rs-pxl-13\"\n\t\t\t\t\t\t\t\tdata-type=\"text\"\n\t\t\t\t\t\t\t\tdata-color=\"rgba(196,162,110,1)\"\n\t\t\t\t\t\t\t\tdata-rsp_ch=\"on\"\n\t\t\t\t\t\t\t\tdata-xy=\"x:c;xo:304px,231px,231px,-6px;y:m;yo:-361px,-246px,-246px,-296px;\"\n\t\t\t\t\t\t\t\tdata-text=\"s:13;l:13;ls:3px;fw:900;a:center;\"\n\t\t\t\t\t\t\t\tdata-dim=\"w:615px,461px,461px,420px;\"\n\t\t\t\t\t\t\t\tdata-frame_0=\"y:50px;\"\n\t\t\t\t\t\t\t\tdata-frame_1=\"e:power4.out;st:550;sp:1500;\"\n\t\t\t\t\t\t\t\tdata-frame_999=\"y:-50px;o:0;e:power2.in;st:w;sp:600;\"\n\t\t\t\t\t\t\t\tstyle=\"z-index:11;font-family:'Roboto';\"\n\t\t\t\t\t\t\t>WEDDING CARD \n\t\t\t\t\t\t\t<\/rs-layer><!--\n\n\t\t\t\t\t\t\t--><rs-layer\n\t\t\t\t\t\t\t\tid=\"slider-73-slide-140-layer-4\" \n\t\t\t\t\t\t\t\tclass=\"rs-pxl-14\"\n\t\t\t\t\t\t\t\tdata-type=\"text\"\n\t\t\t\t\t\t\t\tdata-color=\"rgba(0,0,0,1)\"\n\t\t\t\t\t\t\t\tdata-rsp_ch=\"on\"\n\t\t\t\t\t\t\t\tdata-xy=\"x:c;xo:304px,231px,231px,-2px;y:m;yo:-302px,-141px,-141px,-220px;\"\n\t\t\t\t\t\t\t\tdata-text=\"s:18,25,25,30;l:20,40,40,30;ls:7px;fw:700;a:center;\"\n\t\t\t\t\t\t\t\tdata-dim=\"w:615px,461px,461px,420px;\"\n\t\t\t\t\t\t\t\tdata-frame_0=\"o:1;\"\n\t\t\t\t\t\t\t\tdata-frame_0_chars=\"d:3;x:-50px;o:0;skX:5px;\"\n\t\t\t\t\t\t\t\tdata-frame_1=\"e:power4.out;st:550;sp:2500;\"\n\t\t\t\t\t\t\t\tdata-frame_1_chars=\"d:3;\"\n\t\t\t\t\t\t\t\tdata-frame_999=\"y:-50px;o:0;e:power2.in;st:w;sp:500;\"\n\t\t\t\t\t\t\t\tstyle=\"z-index:12;font-family:'Roboto';\"\n\t\t\t\t\t\t\t>CRIEM CONNOSCO <br\/>\nUMA DAN\u00c7A \u00daNICA<br\/>\n DO VOSSO AMOR!\n \n\t\t\t\t\t\t\t<\/rs-layer><!--\n\n\t\t\t\t\t\t\t--><rs-layer\n\t\t\t\t\t\t\t\tid=\"slider-73-slide-140-layer-5\" \n\t\t\t\t\t\t\t\tclass=\"tp-shape tp-shapewrapper rs-pxl-13\"\n\t\t\t\t\t\t\t\tdata-type=\"shape\"\n\t\t\t\t\t\t\t\tdata-rsp_ch=\"on\"\n\t\t\t\t\t\t\t\tdata-xy=\"x:c;xo:301px,231px,231px,3px;y:m;yo:-241px,-40px,-40px,-150px;\"\n\t\t\t\t\t\t\t\tdata-text=\"fw:700;\"\n\t\t\t\t\t\t\t\tdata-dim=\"w:100px;h:10px,6px,6px,10px;\"\n\t\t\t\t\t\t\t\tdata-frame_0=\"sX:0;o:1;\"\n\t\t\t\t\t\t\t\tdata-frame_0_mask=\"u:t;\"\n\t\t\t\t\t\t\t\tdata-frame_1=\"e:power4.out;st:550;sp:1500;\"\n\t\t\t\t\t\t\t\tdata-frame_1_mask=\"u:t;\"\n\t\t\t\t\t\t\t\tdata-frame_999=\"y:-100%;o:0;st:w;sp:400;\"\n\t\t\t\t\t\t\t\tdata-frame_999_mask=\"u:t;\"\n\t\t\t\t\t\t\t\tstyle=\"z-index:13;background-color:rgba(196,162,110,1);\"\n\t\t\t\t\t\t\t> \n\t\t\t\t\t\t\t<\/rs-layer><!--\n\n\t\t\t\t\t\t\t--><rs-layer\n\t\t\t\t\t\t\t\tid=\"slider-73-slide-140-layer-6\" \n\t\t\t\t\t\t\t\tclass=\"rs-pxl-13\"\n\t\t\t\t\t\t\t\tdata-type=\"text\"\n\t\t\t\t\t\t\t\tdata-color=\"rgba(119,119,119,1)\"\n\t\t\t\t\t\t\t\tdata-rsp_ch=\"on\"\n\t\t\t\t\t\t\t\tdata-xy=\"x:c;xo:291px,231px,231px,9px;y:m;yo:-78px,76px,76px,50px;\"\n\t\t\t\t\t\t\t\tdata-text=\"w:normal;s:15,18,18,18;l:32,30,30,30;\"\n\t\t\t\t\t\t\t\tdata-dim=\"w:492,380px,380px,369px;\"\n\t\t\t\t\t\t\t\tdata-frame_0=\"y:54px;\"\n\t\t\t\t\t\t\t\tdata-frame_1=\"e:power4.out;st:550;sp:1500;\"\n\t\t\t\t\t\t\t\tdata-frame_999=\"y:-53px;o:0;e:power2.in;st:w;sp:400;\"\n\t\t\t\t\t\t\t\tstyle=\"z-index:14;font-family:'Roboto';\"\n\t\t\t\t\t\t\t>Especialmente para noivos, a MyDance tem um servi\u00e7o exclusivo de \u201cWedding Card\u201d. <br\/>\n\nO cart\u00e3o inclui:<br\/>\n\n* Criar sua dan\u00e7a do casamento durante aulas individuais com um professor profissional em um ambiente confort\u00e1vel e \u00fanico da MYDANCE; <br\/>\n\n*A capacidade de assistir a qualquer aula em grupo de ambos os parceiros durante o \u201cWedding Card\u201d.<br\/>\n\n*Come\u00e7ar a criar uma dan\u00e7a \u00fanica e incr\u00edvel que ser\u00e1 lembrada por todos os convidados.<br\/>\n\n \n\t\t\t\t\t\t\t<\/rs-layer><!--\n\n\t\t\t\t\t\t\t--><rs-layer\n\t\t\t\t\t\t\t\tid=\"slider-73-slide-140-layer-10\" \n\t\t\t\t\t\t\t\tclass=\"tp-shape tp-shapewrapper rs-pxl-11\"\n\t\t\t\t\t\t\t\tdata-type=\"shape\"\n\t\t\t\t\t\t\t\tdata-rsp_ch=\"on\"\n\t\t\t\t\t\t\t\tdata-xy=\"x:c;xo:307px,231px,231px,719px;y:m;yo:0,0,0,-24px;\"\n\t\t\t\t\t\t\t\tdata-dim=\"w:615px,461px,461px,400px;h:800px,600px,600px,520px;\"\n\t\t\t\t\t\t\t\tdata-vbility=\"t,t,t,f\"\n\t\t\t\t\t\t\t\tdata-frame_0=\"y:bottom;o:1;\"\n\t\t\t\t\t\t\t\tdata-frame_1=\"e:power4.out;st:600;sp:1500;\"\n\t\t\t\t\t\t\t\tdata-frame_999=\"y:top;o:0;st:w;sp:1000;\"\n\t\t\t\t\t\t\t\tstyle=\"z-index:8;background-color:rgba(245,245,245,1);\"\n\t\t\t\t\t\t\t> \n\t\t\t\t\t\t\t<\/rs-layer><!--\n\n\t\t\t\t\t\t\t--><rs-layer\n\t\t\t\t\t\t\t\tid=\"slider-73-slide-140-layer-11\" \n\t\t\t\t\t\t\t\tclass=\"tp-shape tp-shapewrapper rs-pxl-10\"\n\t\t\t\t\t\t\t\tdata-type=\"shape\"\n\t\t\t\t\t\t\t\tdata-rsp_ch=\"on\"\n\t\t\t\t\t\t\t\tdata-xy=\"x:c;xo:307px,231px,231px,698px;y:m;yo:0,0,0,-40px;\"\n\t\t\t\t\t\t\t\tdata-dim=\"w:615px,461px,461px,400px;h:800px,600px,600px,520px;\"\n\t\t\t\t\t\t\t\tdata-vbility=\"t,t,t,f\"\n\t\t\t\t\t\t\t\tdata-frame_0=\"y:bottom;o:1;\"\n\t\t\t\t\t\t\t\tdata-frame_1=\"e:power4.out;st:700;sp:1500;\"\n\t\t\t\t\t\t\t\tdata-frame_999=\"y:top;o:0;st:w;sp:1000;\"\n\t\t\t\t\t\t\t\tstyle=\"z-index:7;background-color:rgba(229,229,229,1);\"\n\t\t\t\t\t\t\t> \n\t\t\t\t\t\t\t<\/rs-layer><!--\n\n\t\t\t\t\t\t\t--><a\n\t\t\t\t\t\t\t\tid=\"slider-73-slide-140-layer-12\" \n\t\t\t\t\t\t\t\tclass=\"rs-layer rev-btn rs-pxl-13\"\n\t\t\t\t\t\t\t\thref=\"https:\/\/forms.gle\/8ArFWECGMUHkMPnq9\" target=\"_blank\" rel=\"noopener\"\n\t\t\t\t\t\t\t\tdata-type=\"button\"\n\t\t\t\t\t\t\t\tdata-color=\"rgba(196,162,110,1)\"\n\t\t\t\t\t\t\t\tdata-rsp_ch=\"on\"\n\t\t\t\t\t\t\t\tdata-xy=\"x:c;xo:299px,231px,231px,3px;y:m;yo:275px,224px,224px,279px;\"\n\t\t\t\t\t\t\t\tdata-text=\"s:14;l:40;ls:3px;fw:900;\"\n\t\t\t\t\t\t\t\tdata-padding=\"r:40;l:40;\"\n\t\t\t\t\t\t\t\tdata-border=\"bos:solid;boc:rgba(196,162,110,1);bow:2px,2px,2px,2px;\"\n\t\t\t\t\t\t\t\tdata-frame_0=\"y:20px;\"\n\t\t\t\t\t\t\t\tdata-frame_1=\"e:power4.out;st:1250;sp:1500;\"\n\t\t\t\t\t\t\t\tdata-frame_999=\"y:-50px;o:0;e:power2.in;st:w;\"\n\t\t\t\t\t\t\t\tdata-frame_hover=\"c:#fff;bgc:#c4a26e;boc:#c4a26e;bor:0px,0px,0px,0px;bos:solid;bow:2px,2px,2px,2px;oX:50;oY:50;sp:150;e:power2.inOut;\"\n\t\t\t\t\t\t\t\tstyle=\"z-index:13;font-family:'Roboto';cursor:pointer;outline:none;box-shadow:none;box-sizing:border-box;-moz-box-sizing:border-box;-webkit-box-sizing:border-box;\"\n\t\t\t\t\t\t\t>AGENDAR \n\t\t\t\t\t\t\t<\/a><!--\n-->\t\t\t\t\t\t<\/rs-slide>\n\t\t\t\t\t\t<rs-slide style=\"position: absolute;\" data-key=\"rs-141\" data-title=\"Slide\" data-in=\"o:1;\" data-out=\"y:(-100%);\">\n\t\t\t\t\t\t\t<img decoding=\"async\" src=\"\/\/mydance.pt\/wp-content\/plugins\/revslider\/public\/assets\/assets\/dummy.png\" alt=\"Slide\" title=\"NOIVOS\" class=\"rev-slidebg tp-rs-img rs-lazyload\" data-lazyload=\"\/\/mydance.pt\/wp-content\/plugins\/revslider\/public\/assets\/assets\/transparent.png\" data-bg=\"c:#eeeeee;\" data-parallax=\"off\" data-no-retina>\n<!--\n\t\t\t\t\t\t\t--><rs-layer\n\t\t\t\t\t\t\t\tid=\"slider-73-slide-141-layer-2\" \n\t\t\t\t\t\t\t\tclass=\"tp-shape tp-shapewrapper rs-pxl-12\"\n\t\t\t\t\t\t\t\tdata-type=\"shape\"\n\t\t\t\t\t\t\t\tdata-rsp_ch=\"on\"\n\t\t\t\t\t\t\t\tdata-xy=\"x:c;xo:307px,231px,231px,0;y:m;\"\n\t\t\t\t\t\t\t\tdata-dim=\"w:615px,461px,461px,420px;h:800px,600px,600px,650px;\"\n\t\t\t\t\t\t\t\tdata-frame_0=\"y:bottom;o:1;\"\n\t\t\t\t\t\t\t\tdata-frame_1=\"e:power4.out;st:500;sp:1500;\"\n\t\t\t\t\t\t\t\tdata-frame_999=\"y:top;o:0;st:w;sp:1000;\"\n\t\t\t\t\t\t\t\tstyle=\"z-index:8;background-color:rgba(255,255,255,1);\"\n\t\t\t\t\t\t\t> \n\t\t\t\t\t\t\t<\/rs-layer><!--\n\n\t\t\t\t\t\t\t--><rs-layer\n\t\t\t\t\t\t\t\tid=\"slider-73-slide-141-layer-3\" \n\t\t\t\t\t\t\t\tclass=\"rs-pxl-13\"\n\t\t\t\t\t\t\t\tdata-type=\"text\"\n\t\t\t\t\t\t\t\tdata-color=\"rgba(196,162,110,1)\"\n\t\t\t\t\t\t\t\tdata-rsp_ch=\"on\"\n\t\t\t\t\t\t\t\tdata-xy=\"x:c;xo:307px,231px,231px,0;y:m;yo:-315px,-246px,-246px,-270px;\"\n\t\t\t\t\t\t\t\tdata-text=\"s:13;l:13;ls:3px;fw:900;a:center;\"\n\t\t\t\t\t\t\t\tdata-dim=\"w:615px,461px,461px,420px;\"\n\t\t\t\t\t\t\t\tdata-frame_0=\"y:50px;\"\n\t\t\t\t\t\t\t\tdata-frame_1=\"e:power4.out;st:550;sp:1500;\"\n\t\t\t\t\t\t\t\tdata-frame_999=\"y:-50px;o:0;e:power2.in;st:w;sp:600;\"\n\t\t\t\t\t\t\t\tstyle=\"z-index:9;font-family:'Roboto';\"\n\t\t\t\t\t\t\t>WEDDING CARD \n\t\t\t\t\t\t\t<\/rs-layer><!--\n\n\t\t\t\t\t\t\t--><rs-layer\n\t\t\t\t\t\t\t\tid=\"slider-73-slide-141-layer-4\" \n\t\t\t\t\t\t\t\tclass=\"rs-pxl-14\"\n\t\t\t\t\t\t\t\tdata-type=\"text\"\n\t\t\t\t\t\t\t\tdata-color=\"rgba(0,0,0,1)\"\n\t\t\t\t\t\t\t\tdata-rsp_ch=\"on\"\n\t\t\t\t\t\t\t\tdata-xy=\"x:c;xo:307px,231px,231px,-1px;y:m;yo:-223px,-197px,-197px,-225px;\"\n\t\t\t\t\t\t\t\tdata-text=\"s:30,25,25,20;l:50,40,40,50;ls:7px;fw:700;a:center;\"\n\t\t\t\t\t\t\t\tdata-dim=\"w:615px,461px,461px,420px;\"\n\t\t\t\t\t\t\t\tdata-frame_0=\"o:1;\"\n\t\t\t\t\t\t\t\tdata-frame_0_chars=\"d:3;x:-50px;o:0;skX:5px;\"\n\t\t\t\t\t\t\t\tdata-frame_1=\"e:power4.out;st:550;sp:2500;\"\n\t\t\t\t\t\t\t\tdata-frame_1_chars=\"d:3;\"\n\t\t\t\t\t\t\t\tdata-frame_999=\"y:-50px;o:0;e:power2.in;st:w;sp:500;\"\n\t\t\t\t\t\t\t\tstyle=\"z-index:10;font-family:'Roboto';\"\n\t\t\t\t\t\t\t>ESTILOS DE DAN\u00c7A \n\t\t\t\t\t\t\t<\/rs-layer><!--\n\n\t\t\t\t\t\t\t--><rs-layer\n\t\t\t\t\t\t\t\tid=\"slider-73-slide-141-layer-5\" \n\t\t\t\t\t\t\t\tclass=\"tp-shape tp-shapewrapper rs-pxl-13\"\n\t\t\t\t\t\t\t\tdata-type=\"shape\"\n\t\t\t\t\t\t\t\tdata-rsp_ch=\"on\"\n\t\t\t\t\t\t\t\tdata-xy=\"x:c;xo:303px,232px,232px,-1px;y:m;yo:-153px,-160px,-160px,-188px;\"\n\t\t\t\t\t\t\t\tdata-text=\"fw:700;\"\n\t\t\t\t\t\t\t\tdata-dim=\"w:100px;h:10px;\"\n\t\t\t\t\t\t\t\tdata-frame_0=\"sX:0;o:1;\"\n\t\t\t\t\t\t\t\tdata-frame_0_mask=\"u:t;\"\n\t\t\t\t\t\t\t\tdata-frame_1=\"e:power4.out;st:550;sp:1500;\"\n\t\t\t\t\t\t\t\tdata-frame_1_mask=\"u:t;\"\n\t\t\t\t\t\t\t\tdata-frame_999=\"y:-100%;o:0;st:w;sp:400;\"\n\t\t\t\t\t\t\t\tdata-frame_999_mask=\"u:t;\"\n\t\t\t\t\t\t\t\tstyle=\"z-index:11;background-color:rgba(196,162,110,1);\"\n\t\t\t\t\t\t\t> \n\t\t\t\t\t\t\t<\/rs-layer><!--\n\n\t\t\t\t\t\t\t--><rs-layer\n\t\t\t\t\t\t\t\tid=\"slider-73-slide-141-layer-6\" \n\t\t\t\t\t\t\t\tclass=\"rs-pxl-13\"\n\t\t\t\t\t\t\t\tdata-type=\"text\"\n\t\t\t\t\t\t\t\tdata-color=\"rgba(119,119,119,1)\"\n\t\t\t\t\t\t\t\tdata-rsp_ch=\"on\"\n\t\t\t\t\t\t\t\tdata-xy=\"x:c;xo:303px,231px,231px,2px;y:m;yo:35px,49px,92px,12px;\"\n\t\t\t\t\t\t\t\tdata-text=\"w:normal;s:18,18,18,15;l:30;\"\n\t\t\t\t\t\t\t\tdata-dim=\"w:460px,380px,380px,343px;\"\n\t\t\t\t\t\t\t\tdata-frame_0=\"y:50px;\"\n\t\t\t\t\t\t\t\tdata-frame_1=\"e:power4.out;st:550;sp:1500;\"\n\t\t\t\t\t\t\t\tdata-frame_999=\"y:-50px;o:0;e:power2.in;st:w;sp:400;\"\n\t\t\t\t\t\t\t\tstyle=\"z-index:12;font-family:'Roboto';\"\n\t\t\t\t\t\t\t>   Se voc\u00ea ainda n\u00e3o decidiu o estilo da dan\u00e7a, encontraremos para si a combina\u00e7\u00e3o perfeita de ritmo e melodia que combina com o clima do seu casamento. <br\/>\n   Na apresenta\u00e7\u00e3o da dan\u00e7a, definitivamente levaremos em considera\u00e7\u00e3o todas as suas sugest\u00f5es e desejos, prefer\u00eancias musicais, tamanhos do sal\u00e3o e etc.<br\/>\n\nVoc\u00ea pode escolher uma dan\u00e7a e impressionar os convidados com uma valsa rom\u00e2ntica, rock and roll ou dan\u00e7as afro-latinas. Ou talvez o apaixonado tango lhe conte claramente seus sentimentos. <br\/>\n\n \n\t\t\t\t\t\t\t<\/rs-layer><!--\n\n\t\t\t\t\t\t\t--><a\n\t\t\t\t\t\t\t\tid=\"slider-73-slide-141-layer-7\" \n\t\t\t\t\t\t\t\tclass=\"rs-layer rev-btn rs-pxl-13\"\n\t\t\t\t\t\t\t\thref=\"https:\/\/forms.gle\/8ArFWECGMUHkMPnq9\" target=\"_blank\" rel=\"noopener\"\n\t\t\t\t\t\t\t\tdata-type=\"button\"\n\t\t\t\t\t\t\t\tdata-color=\"rgba(196,162,110,1)\"\n\t\t\t\t\t\t\t\tdata-rsp_ch=\"on\"\n\t\t\t\t\t\t\t\tdata-xy=\"x:c;xo:299px,232px,232px,0;y:m;yo:275px,266px,266px,253px;\"\n\t\t\t\t\t\t\t\tdata-text=\"s:14;l:40;ls:3px;fw:900;\"\n\t\t\t\t\t\t\t\tdata-padding=\"r:40;l:40;\"\n\t\t\t\t\t\t\t\tdata-border=\"bos:solid;boc:rgba(196,162,110,1);bow:2px,2px,2px,2px;\"\n\t\t\t\t\t\t\t\tdata-frame_0=\"y:20px;\"\n\t\t\t\t\t\t\t\tdata-frame_1=\"e:power4.out;st:1250;sp:1500;\"\n\t\t\t\t\t\t\t\tdata-frame_999=\"y:-50px;o:0;e:power2.in;st:w;\"\n\t\t\t\t\t\t\t\tdata-frame_hover=\"c:#fff;bgc:#c4a26e;boc:#c4a26e;bor:0px,0px,0px,0px;bos:solid;bow:2px,2px,2px,2px;oX:50;oY:50;sp:150;e:power2.inOut;\"\n\t\t\t\t\t\t\t\tstyle=\"z-index:13;font-family:'Roboto';cursor:pointer;outline:none;box-shadow:none;box-sizing:border-box;-moz-box-sizing:border-box;-webkit-box-sizing:border-box;\"\n\t\t\t\t\t\t\t>MARCAR REUNI\u00c3O \n\t\t\t\t\t\t\t<\/a><!--\n\n\t\t\t\t\t\t\t--><rs-layer\n\t\t\t\t\t\t\t\tid=\"slider-73-slide-141-layer-9\" \n\t\t\t\t\t\t\t\tclass=\"rs-pxl-10\"\n\t\t\t\t\t\t\t\tdata-type=\"image\"\n\t\t\t\t\t\t\t\tdata-rsp_ch=\"on\"\n\t\t\t\t\t\t\t\tdata-xy=\"x:c;xo:-308px,-247px,-247px,52px;y:m;yo:0,-2px,-2px,-47px;\"\n\t\t\t\t\t\t\t\tdata-text=\"l:22;\"\n\t\t\t\t\t\t\t\tdata-dim=\"w:667px,461px,461px,1388px;h:1000px,600px,600px,926px;\"\n\t\t\t\t\t\t\t\tdata-frame_0=\"y:top;o:1;\"\n\t\t\t\t\t\t\t\tdata-frame_1=\"e:power4.out;st:500;sp:1500;\"\n\t\t\t\t\t\t\t\tdata-frame_999=\"y:bottom;o:0;st:w;sp:1000;\"\n\t\t\t\t\t\t\t\tstyle=\"z-index:6;\"\n\t\t\t\t\t\t\t><img decoding=\"async\" src=\"\/\/mydance.pt\/wp-content\/plugins\/revslider\/public\/assets\/assets\/dummy.png\" alt=\"\" class=\"tp-rs-img rs-lazyload\" width=\"1000\" height=\"667\" data-lazyload=\"\/\/mydance.pt\/wp-content\/uploads\/2023\/08\/newlyweds-kissing-passionately-while-dancing.jpg\" data-no-retina> \n\t\t\t\t\t\t\t<\/rs-layer><!--\n\n\t\t\t\t\t\t\t--><rs-layer\n\t\t\t\t\t\t\t\tid=\"slider-73-slide-141-layer-10\" \n\t\t\t\t\t\t\t\tclass=\"tp-shape tp-shapewrapper rs-pxl-11\"\n\t\t\t\t\t\t\t\tdata-type=\"shape\"\n\t\t\t\t\t\t\t\tdata-rsp_ch=\"on\"\n\t\t\t\t\t\t\t\tdata-xy=\"x:c;xo:307px,231px,231px,719px;y:m;yo:0,0,0,-24px;\"\n\t\t\t\t\t\t\t\tdata-dim=\"w:615px,461px,461px,400px;h:800px,600px,600px,520px;\"\n\t\t\t\t\t\t\t\tdata-vbility=\"t,t,t,f\"\n\t\t\t\t\t\t\t\tdata-frame_0=\"y:bottom;o:1;\"\n\t\t\t\t\t\t\t\tdata-frame_1=\"e:power4.out;st:600;sp:1500;\"\n\t\t\t\t\t\t\t\tdata-frame_999=\"y:top;o:0;st:w;sp:1000;\"\n\t\t\t\t\t\t\t\tstyle=\"z-index:7;background-color:rgba(245,245,245,1);\"\n\t\t\t\t\t\t\t> \n\t\t\t\t\t\t\t<\/rs-layer><!--\n\n\t\t\t\t\t\t\t--><rs-layer\n\t\t\t\t\t\t\t\tid=\"slider-73-slide-141-layer-11\" \n\t\t\t\t\t\t\t\tclass=\"tp-shape tp-shapewrapper rs-pxl-10\"\n\t\t\t\t\t\t\t\tdata-type=\"shape\"\n\t\t\t\t\t\t\t\tdata-rsp_ch=\"on\"\n\t\t\t\t\t\t\t\tdata-xy=\"x:c;xo:307px,231px,231px,698px;y:m;yo:0,0,0,-40px;\"\n\t\t\t\t\t\t\t\tdata-dim=\"w:615px,461px,461px,400px;h:800px,600px,600px,520px;\"\n\t\t\t\t\t\t\t\tdata-vbility=\"t,t,t,f\"\n\t\t\t\t\t\t\t\tdata-frame_0=\"y:bottom;o:1;\"\n\t\t\t\t\t\t\t\tdata-frame_1=\"e:power4.out;st:700;sp:1500;\"\n\t\t\t\t\t\t\t\tdata-frame_999=\"y:top;o:0;st:w;sp:1000;\"\n\t\t\t\t\t\t\t\tstyle=\"z-index:6;background-color:rgba(229,229,229,1);\"\n\t\t\t\t\t\t\t> \n\t\t\t\t\t\t\t<\/rs-layer><!--\n-->\t\t\t\t\t\t<\/rs-slide>\n\t\t\t\t\t<\/rs-slides>\n\t\t\t\t<\/rs-module>\n\t\t\t\t<script>\n\t\t\t\t\tsetREVStartSize({c: 'rev_slider_73_1',rl:[1240,1024,778,480],el:[1000,900,700,700],gw:[1400,1200,1000,480],gh:[1000,900,700,700],type:'standard',justify:'',layout:'fullwidth',mh:\"0\"});if (window.RS_MODULES!==undefined && window.RS_MODULES.modules!==undefined && window.RS_MODULES.modules[\"revslider731\"]!==undefined) {window.RS_MODULES.modules[\"revslider731\"].once = false;window.revapi73 = undefined;if (window.RS_MODULES.checkMinimal!==undefined) window.RS_MODULES.checkMinimal()}\n\t\t\t\t<\/script>\n\t\t\t<\/rs-module-wrap>\n\t\t\t<!-- END REVOLUTION SLIDER -->\n[\/vc_column][\/vc_row]<\/p>\n","protected":false},"excerpt":{"rendered":"<p>[vc_row enable_arrows_animation=&#8221;no&#8221;][vc_column css=&#8221;.vc_custom_1693743262956{margin-top: 140px !important;margin-bottom: 100px !important;border-top-width: 20px !important;padding-top: 20px !important;}&#8221;][\/vc_column][\/vc_row]<\/p>\n","protected":false},"author":1,"featured_media":0,"parent":0,"menu_order":0,"comment_status":"closed","ping_status":"closed","template":"","meta":{"_EventAllDay":false,"_EventTimezone":"","_EventStartDate":"","_EventEndDate":"","_EventStartDateUTC":"","_EventEndDateUTC":"","_EventShowMap":false,"_EventShowMapLink":false,"_EventURL":"","_EventCost":"","_EventCostDescription":"","_EventCurrencySymbol":"","_EventCurrencyCode":"","_EventCurrencyPosition":"","_EventDateTimeSeparator":"","_EventTimeRangeSeparator":"","_EventOrganizerID":[],"_EventVenueID":[],"_OrganizerEmail":"","_OrganizerPhone":"","_OrganizerWebsite":"","_VenueAddress":"","_VenueCity":"","_VenueCountry":"","_VenueProvince":"","_VenueState":"","_VenueZip":"","_VenuePhone":"","_VenueURL":"","_VenueStateProvince":"","_VenueLat":"","_VenueLng":"","_VenueShowMap":false,"_VenueShowMapLink":false,"footnotes":""},"class_list":["post-2593","page","type-page","status-publish","hentry"],"_links":{"self":[{"href":"https:\/\/mydance.pt\/index.php?rest_route=\/wp\/v2\/pages\/2593","targetHints":{"allow":["GET"]}}],"collection":[{"href":"https:\/\/mydance.pt\/index.php?rest_route=\/wp\/v2\/pages"}],"about":[{"href":"https:\/\/mydance.pt\/index.php?rest_route=\/wp\/v2\/types\/page"}],"author":[{"embeddable":true,"href":"https:\/\/mydance.pt\/index.php?rest_route=\/wp\/v2\/users\/1"}],"replies":[{"embeddable":true,"href":"https:\/\/mydance.pt\/index.php?rest_route=%2Fwp%2Fv2%2Fcomments&post=2593"}],"version-history":[{"count":9,"href":"https:\/\/mydance.pt\/index.php?rest_route=\/wp\/v2\/pages\/2593\/revisions"}],"predecessor-version":[{"id":2798,"href":"https:\/\/mydance.pt\/index.php?rest_route=\/wp\/v2\/pages\/2593\/revisions\/2798"}],"wp:attachment":[{"href":"https:\/\/mydance.pt\/index.php?rest_route=%2Fwp%2Fv2%2Fmedia&parent=2593"}],"curies":[{"name":"wp","href":"https:\/\/api.w.org\/{rel}","templated":true}]}}